{"id":65,"date":"2021-01-17T16:03:42","date_gmt":"2021-01-17T15:03:42","guid":{"rendered":"http:\/\/test.vitametik-haeberer.de\/wordpress\/?page_id=65"},"modified":"2022-07-01T23:22:09","modified_gmt":"2022-07-01T21:22:09","slug":"aromatherapie","status":"publish","type":"page","link":"https:\/\/vitametik-haeberer.de\/wordpress\/aromatherapie\/","title":{"rendered":"Aromatherapie"},"content":{"rendered":"\t\t<div data-elementor-type=\"wp-page\" data-elementor-id=\"65\" class=\"elementor elementor-65\">\n\t\t\t\t\t\t<section class=\"elementor-section elementor-top-section elementor-element elementor-element-3365453e elementor-section-boxed elementor-section-height-default elementor-section-height-default\" data-id=\"3365453e\" data-element_type=\"section\" data-e-type=\"section\">\n\t\t\t\t\t\t<div class=\"elementor-container elementor-column-gap-default\">\n\t\t\t\t\t<div class=\"elementor-column elementor-col-100 elementor-top-column elementor-element elementor-element-54e3defb\" data-id=\"54e3defb\" data-element_type=\"column\" data-e-type=\"column\">\n\t\t\t<div class=\"elementor-widget-wrap elementor-element-populated\">\n\t\t\t\t\t\t<div class=\"elementor-element elementor-element-5023ca5 elementor-widget elementor-widget-text-editor\" data-id=\"5023ca5\" data-element_type=\"widget\" data-e-type=\"widget\" data-widget_type=\"text-editor.default\">\n\t\t\t\t<div class=\"elementor-widget-container\">\n\t\t\t\t\t\t\t\t\t<h3 style=\"word-spacing: 0px;\">Aromatherapie\u00a0<\/h3>\n<p>Ist die Anwendung von \u00e4therischen \u00d6len zur Behandlung von Alltagsleiden und zur Steigerung des Wohlbefindens.\u00a0<\/p>\n<p>Ich unterst\u00fctze hier die Bek\u00e4mpfung oder Linderung von Beschwerden die St\u00f6rungen durch ein unausgeglichenes K\u00f6rpergef\u00fchl durch Stress im Alltag verursachen. Durch eine Beratung finden wir die besten \u00d6le und passen die verschiedenen Wirkstoffe individuell an um eine bestm\u00f6gliche Behandlung und Linderung zu erreichen.\u00a0<\/p>\t\t\t\t\t\t\t\t<\/div>\n\t\t\t\t<\/div>\n\t\t\t\t<div class=\"elementor-element elementor-element-33bbe496 elementor-widget elementor-widget-text-editor\" data-id=\"33bbe496\" data-element_type=\"widget\" data-e-type=\"widget\" data-widget_type=\"text-editor.default\">\n\t\t\t\t<div class=\"elementor-widget-container\">\n\t\t\t\t\t\t\t\t\t<p><\/p>\n<h3>Die Kraft der \u00e4therischen \u00d6le<\/h3>\n<ul>\n<li>In der Natur finden sich \u00e4therische \u00d6le in Wurzeln, St\u00e4ngeln, Bl\u00e4ttern, Harzen, Bl\u00fcten und der Rinde von Pflanzen.<\/li>\n<li>\u00c4therische \u00d6le helfen der Pflanze, sich vor Umwelteinfl\u00fcssen, Bakterien, Vieren und Pilzen zu sch\u00fctzen.<\/li>\n<li>Destilliert oder presst man die aromatischen Bestandteile der Pflanzen auf ihre Reinheit, Potenz und Wirksamkeit hin, erh\u00e4lt man kraftvolle \u00d6le, welche die Gesundheit und das Wohlbefinden unterst\u00fctzen k\u00f6nnen.<\/li>\n<li>\u00c4therische \u00d6le wirken 50-70 mal st\u00e4rker als Kr\u00e4uter und haben k\u00f6nne eine hohe Wirksamkeit auf k\u00f6rperlicher und emotionaler Ebene haben.<\/li>\n<li><span style=\"color: var( --e-global-color-text ); font-family: var( --e-global-typography-text-font-family ), Sans-serif; font-weight: var( --e-global-typography-text-font-weight ); word-spacing: normal;\">1 Gramm Gew\u00fcrznelken\u00f6l: 17 Tropfen besitzt 10786875 ORAC Wert. (Oxygen Radical Absorbance\u00a0<\/span><span style=\"color: var( --e-global-color-text ); font-family: var( --e-global-typography-text-font-family ), Sans-serif; font-weight: var( --e-global-typography-text-font-weight ); word-spacing: normal;\">Capacity). Dies entspricht 51 kg Karotten oder 13 l Rote Beete Saft oder 14 kg Orangen.<\/span><\/li>\n<li><span style=\"color: var( --e-global-color-text ); font-family: var( --e-global-typography-text-font-family ), Sans-serif; font-weight: var( --e-global-typography-text-font-weight ); word-spacing: normal;\">Ein Tropfen Pfefferminz-\u00d6l enth\u00e4lt die Wirkstoffe von 28 Tassen frischen Pfefferminztee.<\/span><\/li>\n<li>Teebaum\u00f6l wirkt 11 bis 13 Mal st\u00e4rker antiseptisch als das damals fast \u00fcberall verwendete Desinfektionsmittel Karbols\u00e4ure (Phenol, synthetisch)<\/li>\n<li>Weihrauch hat in Studien entz\u00fcndungshemmende Eigenschaften gezeigt<\/li>\n<\/ul>\n<div>\n<div>\u00a0<\/div>\n<\/div>\n<p><\/p>\t\t\t\t\t\t\t\t<\/div>\n\t\t\t\t<\/div>\n\t\t\t\t<div class=\"elementor-element elementor-element-bf11b04 elementor-widget elementor-widget-text-editor\" data-id=\"bf11b04\" data-element_type=\"widget\" data-e-type=\"widget\" data-widget_type=\"text-editor.default\">\n\t\t\t\t<div class=\"elementor-widget-container\">\n\t\t\t\t\t\t\t\t\t<h3 style=\"word-spacing: 0px;\">Wie wirken reine \u00e4therische \u00d6le<\/h3>\n<div>\n<ul>\n<li>Duftmolek\u00fcle gelangen direkt \u00fcber unsere Geruchsorgane ins limbische System. Dieses ist der Bereich, indem unsere Gef\u00fchle lokalisiert sind. Durch ihre botenstoffartigen Eigenschaften beeinflussen sie unsere Stimmungslage. Sie\u00a0 wirken ausgleichend und regulierend. Dadurch f\u00f6rdern sie indirekt unsere seelisches Wohlbefinden und damit auch unsere Gesundheit.<\/li>\n<li>Ein Tropfen \u00e4therisches \u00d6l enth\u00e4lt ca. 4 Trillionen Molek\u00fcle! Der menschliche K\u00f6rper besteht aus ca. 100 Billionen Zellen. Somit hat ein Tropfen \u00e4therisches \u00d6l das Potential, jede Zelle mit 40000 Molek\u00fclen zu versorgen abh\u00e4ngig von der Durchdringungsf\u00e4higkeit bzw. Qualit\u00e4t des \u00d6ls.\u00a0<\/li>\n<li>Aufgrund der typischen Zusammensetzung aus Phenolen, Phenylpropan, Monoterpenen und Sesquiterpen verbreiten sich \u00e4therische \u00d6le explosionsartig in alle Richtungen die Zellmembranen durchdringend. Das erkl\u00e4rt auch die unmittelbare Wirkung (oft innerhalb einer Minute) von \u00d6len im gesamten Organismus.<\/li>\n<li>Phenole und Phenylpropan (eine Isopren-Einheit) schaffen ein Umfeld, in dem unfreundliche Bakterien und Viren nicht leben k\u00f6nnen. Wichtigste Funktion: Reinigung der Zellrezeptoren, nur so k\u00f6nnen Zellen richtig kommunizieren und der K\u00f6rper kann unterst\u00fctzt werden gesund zu\u00a0 bleiben. Zu finden in: Gew\u00fcrznelke 90% Kassia 80% Basilikum 75% Zimt 73% Oregano 60% Anis 50% Pfefferminze 25%<\/li>\n<\/ul>\n<\/div>\t\t\t\t\t\t\t\t<\/div>\n\t\t\t\t<\/div>\n\t\t\t\t\t<\/div>\n\t\t<\/div>\n\t\t\t\t\t<\/div>\n\t\t<\/section>\n\t\t\t\t<\/div>\n\t\t","protected":false},"excerpt":{"rendered":"<p>Aromatherapie\u00a0 Ist die Anwendung von \u00e4therischen \u00d6len zur Behandlung von Alltagsleiden und zur Steigerung des Wohlbefindens.\u00a0 Ich unterst\u00fctze hier die Bek\u00e4mpfung oder Linderung von Beschwerden die St\u00f6rungen durch ein unausgeglichenes K\u00f6rpergef\u00fchl durch Stress im Alltag verursachen. Durch eine Beratung finden wir die besten \u00d6le und passen die verschiedenen Wirkstoffe individuell an um eine bestm\u00f6gliche Behandlung [&hellip;]<\/p>\n","protected":false},"author":1,"featured_media":0,"parent":0,"menu_order":2,"comment_status":"closed","ping_status":"open","template":"","meta":{"footnotes":""},"class_list":["post-65","page","type-page","status-publish","hentry"],"yoast_head":"<!-- This site is optimized with the Yoast SEO plugin v25.7 - https:\/\/yoast.com\/wordpress\/plugins\/seo\/ -->\n<title>Aromatherapie - Yoga Vita Angelika<\/title>\n<meta name=\"robots\" content=\"index, follow, max-snippet:-1, max-image-preview:large, max-video-preview:-1\" \/>\n<link rel=\"canonical\" href=\"http:\/\/vitametik-haeberer.de\/wordpress\/aromatherapie\/\" \/>\n<meta property=\"og:locale\" content=\"de_DE\" \/>\n<meta property=\"og:type\" content=\"article\" \/>\n<meta property=\"og:title\" content=\"Aromatherapie - Yoga Vita Angelika\" \/>\n<meta property=\"og:description\" content=\"Aromatherapie\u00a0 Ist die Anwendung von \u00e4therischen \u00d6len zur Behandlung von Alltagsleiden und zur Steigerung des Wohlbefindens.\u00a0 Ich unterst\u00fctze hier die Bek\u00e4mpfung oder Linderung von Beschwerden die St\u00f6rungen durch ein unausgeglichenes K\u00f6rpergef\u00fchl durch Stress im Alltag verursachen. Durch eine Beratung finden wir die besten \u00d6le und passen die verschiedenen Wirkstoffe individuell an um eine bestm\u00f6gliche Behandlung [&hellip;]\" \/>\n<meta property=\"og:url\" content=\"http:\/\/vitametik-haeberer.de\/wordpress\/aromatherapie\/\" \/>\n<meta property=\"og:site_name\" content=\"Yoga Vita Angelika\" \/>\n<meta property=\"article:modified_time\" content=\"2022-07-01T21:22:09+00:00\" \/>\n<meta name=\"twitter:card\" content=\"summary_large_image\" \/>\n<meta name=\"twitter:label1\" content=\"Gesch\u00e4tzte Lesezeit\" \/>\n\t<meta name=\"twitter:data1\" content=\"2\u00a0Minuten\" \/>\n<script type=\"application\/ld+json\" class=\"yoast-schema-graph\">{\"@context\":\"https:\/\/schema.org\",\"@graph\":[{\"@type\":\"WebPage\",\"@id\":\"http:\/\/vitametik-haeberer.de\/wordpress\/aromatherapie\/\",\"url\":\"http:\/\/vitametik-haeberer.de\/wordpress\/aromatherapie\/\",\"name\":\"Aromatherapie - Yoga Vita Angelika\",\"isPartOf\":{\"@id\":\"http:\/\/vitametik-haeberer.de\/wordpress\/#website\"},\"datePublished\":\"2021-01-17T15:03:42+00:00\",\"dateModified\":\"2022-07-01T21:22:09+00:00\",\"breadcrumb\":{\"@id\":\"http:\/\/vitametik-haeberer.de\/wordpress\/aromatherapie\/#breadcrumb\"},\"inLanguage\":\"de\",\"potentialAction\":[{\"@type\":\"ReadAction\",\"target\":[\"http:\/\/vitametik-haeberer.de\/wordpress\/aromatherapie\/\"]}]},{\"@type\":\"BreadcrumbList\",\"@id\":\"http:\/\/vitametik-haeberer.de\/wordpress\/aromatherapie\/#breadcrumb\",\"itemListElement\":[{\"@type\":\"ListItem\",\"position\":1,\"name\":\"Home\",\"item\":\"https:\/\/vitametik-haeberer.de\/wordpress\/\"},{\"@type\":\"ListItem\",\"position\":2,\"name\":\"Aromatherapie\"}]},{\"@type\":\"WebSite\",\"@id\":\"http:\/\/vitametik-haeberer.de\/wordpress\/#website\",\"url\":\"http:\/\/vitametik-haeberer.de\/wordpress\/\",\"name\":\"Yoga Vita Angelika\",\"description\":\"Praxis Wellness, Vitametik &amp; Yoga Angelika H\u00e4berer\",\"publisher\":{\"@id\":\"http:\/\/vitametik-haeberer.de\/wordpress\/#organization\"},\"potentialAction\":[{\"@type\":\"SearchAction\",\"target\":{\"@type\":\"EntryPoint\",\"urlTemplate\":\"http:\/\/vitametik-haeberer.de\/wordpress\/?s={search_term_string}\"},\"query-input\":{\"@type\":\"PropertyValueSpecification\",\"valueRequired\":true,\"valueName\":\"search_term_string\"}}],\"inLanguage\":\"de\"},{\"@type\":\"Organization\",\"@id\":\"http:\/\/vitametik-haeberer.de\/wordpress\/#organization\",\"name\":\"Yoga Vita Angelika\",\"url\":\"http:\/\/vitametik-haeberer.de\/wordpress\/\",\"logo\":{\"@type\":\"ImageObject\",\"inLanguage\":\"de\",\"@id\":\"http:\/\/vitametik-haeberer.de\/wordpress\/#\/schema\/logo\/image\/\",\"url\":\"https:\/\/vitametik-haeberer.de\/wordpress\/wp-content\/uploads\/2022\/06\/cropped-Logo-Vitametik_transp04.png\",\"contentUrl\":\"https:\/\/vitametik-haeberer.de\/wordpress\/wp-content\/uploads\/2022\/06\/cropped-Logo-Vitametik_transp04.png\",\"width\":867,\"height\":394,\"caption\":\"Yoga Vita Angelika\"},\"image\":{\"@id\":\"http:\/\/vitametik-haeberer.de\/wordpress\/#\/schema\/logo\/image\/\"}}]}<\/script>\n<!-- \/ Yoast SEO plugin. -->","yoast_head_json":{"title":"Aromatherapie - Yoga Vita Angelika","robots":{"index":"index","follow":"follow","max-snippet":"max-snippet:-1","max-image-preview":"max-image-preview:large","max-video-preview":"max-video-preview:-1"},"canonical":"http:\/\/vitametik-haeberer.de\/wordpress\/aromatherapie\/","og_locale":"de_DE","og_type":"article","og_title":"Aromatherapie - Yoga Vita Angelika","og_description":"Aromatherapie\u00a0 Ist die Anwendung von \u00e4therischen \u00d6len zur Behandlung von Alltagsleiden und zur Steigerung des Wohlbefindens.\u00a0 Ich unterst\u00fctze hier die Bek\u00e4mpfung oder Linderung von Beschwerden die St\u00f6rungen durch ein unausgeglichenes K\u00f6rpergef\u00fchl durch Stress im Alltag verursachen. Durch eine Beratung finden wir die besten \u00d6le und passen die verschiedenen Wirkstoffe individuell an um eine bestm\u00f6gliche Behandlung [&hellip;]","og_url":"http:\/\/vitametik-haeberer.de\/wordpress\/aromatherapie\/","og_site_name":"Yoga Vita Angelika","article_modified_time":"2022-07-01T21:22:09+00:00","twitter_card":"summary_large_image","twitter_misc":{"Gesch\u00e4tzte Lesezeit":"2\u00a0Minuten"},"schema":{"@context":"https:\/\/schema.org","@graph":[{"@type":"WebPage","@id":"http:\/\/vitametik-haeberer.de\/wordpress\/aromatherapie\/","url":"http:\/\/vitametik-haeberer.de\/wordpress\/aromatherapie\/","name":"Aromatherapie - Yoga Vita Angelika","isPartOf":{"@id":"http:\/\/vitametik-haeberer.de\/wordpress\/#website"},"datePublished":"2021-01-17T15:03:42+00:00","dateModified":"2022-07-01T21:22:09+00:00","breadcrumb":{"@id":"http:\/\/vitametik-haeberer.de\/wordpress\/aromatherapie\/#breadcrumb"},"inLanguage":"de","potentialAction":[{"@type":"ReadAction","target":["http:\/\/vitametik-haeberer.de\/wordpress\/aromatherapie\/"]}]},{"@type":"BreadcrumbList","@id":"http:\/\/vitametik-haeberer.de\/wordpress\/aromatherapie\/#breadcrumb","itemListElement":[{"@type":"ListItem","position":1,"name":"Home","item":"https:\/\/vitametik-haeberer.de\/wordpress\/"},{"@type":"ListItem","position":2,"name":"Aromatherapie"}]},{"@type":"WebSite","@id":"http:\/\/vitametik-haeberer.de\/wordpress\/#website","url":"http:\/\/vitametik-haeberer.de\/wordpress\/","name":"Yoga Vita Angelika","description":"Praxis Wellness, Vitametik &amp; Yoga Angelika H\u00e4berer","publisher":{"@id":"http:\/\/vitametik-haeberer.de\/wordpress\/#organization"},"potentialAction":[{"@type":"SearchAction","target":{"@type":"EntryPoint","urlTemplate":"http:\/\/vitametik-haeberer.de\/wordpress\/?s={search_term_string}"},"query-input":{"@type":"PropertyValueSpecification","valueRequired":true,"valueName":"search_term_string"}}],"inLanguage":"de"},{"@type":"Organization","@id":"http:\/\/vitametik-haeberer.de\/wordpress\/#organization","name":"Yoga Vita Angelika","url":"http:\/\/vitametik-haeberer.de\/wordpress\/","logo":{"@type":"ImageObject","inLanguage":"de","@id":"http:\/\/vitametik-haeberer.de\/wordpress\/#\/schema\/logo\/image\/","url":"https:\/\/vitametik-haeberer.de\/wordpress\/wp-content\/uploads\/2022\/06\/cropped-Logo-Vitametik_transp04.png","contentUrl":"https:\/\/vitametik-haeberer.de\/wordpress\/wp-content\/uploads\/2022\/06\/cropped-Logo-Vitametik_transp04.png","width":867,"height":394,"caption":"Yoga Vita Angelika"},"image":{"@id":"http:\/\/vitametik-haeberer.de\/wordpress\/#\/schema\/logo\/image\/"}}]}},"_links":{"self":[{"href":"https:\/\/vitametik-haeberer.de\/wordpress\/wp-json\/wp\/v2\/pages\/65","targetHints":{"allow":["GET"]}}],"collection":[{"href":"https:\/\/vitametik-haeberer.de\/wordpress\/wp-json\/wp\/v2\/pages"}],"about":[{"href":"https:\/\/vitametik-haeberer.de\/wordpress\/wp-json\/wp\/v2\/types\/page"}],"author":[{"embeddable":true,"href":"https:\/\/vitametik-haeberer.de\/wordpress\/wp-json\/wp\/v2\/users\/1"}],"replies":[{"embeddable":true,"href":"https:\/\/vitametik-haeberer.de\/wordpress\/wp-json\/wp\/v2\/comments?post=65"}],"version-history":[{"count":6,"href":"https:\/\/vitametik-haeberer.de\/wordpress\/wp-json\/wp\/v2\/pages\/65\/revisions"}],"predecessor-version":[{"id":211,"href":"https:\/\/vitametik-haeberer.de\/wordpress\/wp-json\/wp\/v2\/pages\/65\/revisions\/211"}],"wp:attachment":[{"href":"https:\/\/vitametik-haeberer.de\/wordpress\/wp-json\/wp\/v2\/media?parent=65"}],"curies":[{"name":"wp","href":"https:\/\/api.w.org\/{rel}","templated":true}]}}