{"id":30,"date":"2021-01-16T16:58:13","date_gmt":"2021-01-16T16:58:13","guid":{"rendered":"http:\/\/test.vitametik-haeberer.de\/wordpress?page_id=2"},"modified":"2024-06-13T21:39:10","modified_gmt":"2024-06-13T19:39:10","slug":"vitametik","status":"publish","type":"page","link":"https:\/\/vitametik-haeberer.de\/wordpress\/vitametik\/","title":{"rendered":"Vitametik"},"content":{"rendered":"\t\t<div data-elementor-type=\"wp-page\" data-elementor-id=\"30\" class=\"elementor elementor-30\">\n\t\t\t\t\t\t<section class=\"elementor-section elementor-top-section elementor-element elementor-element-cbf20b4 elementor-section-boxed elementor-section-height-default elementor-section-height-default\" data-id=\"cbf20b4\" data-element_type=\"section\" data-e-type=\"section\">\n\t\t\t\t\t\t<div class=\"elementor-container elementor-column-gap-default\">\n\t\t\t\t\t<div class=\"elementor-column elementor-col-100 elementor-top-column elementor-element elementor-element-105f2990\" data-id=\"105f2990\" data-element_type=\"column\" data-e-type=\"column\">\n\t\t\t<div class=\"elementor-widget-wrap elementor-element-populated\">\n\t\t\t\t\t\t<div class=\"elementor-element elementor-element-2352c676 elementor-widget elementor-widget-text-editor\" data-id=\"2352c676\" data-element_type=\"widget\" data-e-type=\"widget\" data-widget_type=\"text-editor.default\">\n\t\t\t\t<div class=\"elementor-widget-container\">\n\t\t\t\t\t\t\t\t\t<h3>Im Rhytmus des Lebens<\/h3><p><span class=\"xr_tl Normal_text\">Die vielbeschriebenen Selbstheilungskr\u00e4fte unseres K\u00f6rpers sind st\u00e4ndig aktiv. <\/span><span class=\"xr_tl Normal_text\">Ihr Ziel: die K\u00f6rperfunktionen in einem gesunden Gleichgewicht zu halten. <\/span><span class=\"xr_tl Normal_text\">Die Vitametik ist eine manuelle Anwendung die unseren K\u00f6rper dabei unterst\u00fctzt, die <\/span><span class=\"xr_tl Normal_text\">Selbstheilungskr\u00e4fte zu aktivieren.\u00a0<\/span><\/p><p><span class=\"xr_tl Normal_text\">In Kombination mit Massagen und einer individuellen Aromatherapie stellen wir ein Gleichgewicht im K\u00f6rper wieder her. Innere Ruhe und Frieden, Ausgeglichenheit und Entspannung sind endlich wieder m\u00f6glich.\u00a0<\/span><\/p><p><span class=\"xr_tl Normal_text\">In meiner Praxis wende ich die Vitametik auch bei Hunden und Katzen an.<\/span><\/p>\t\t\t\t\t\t\t\t<\/div>\n\t\t\t\t<\/div>\n\t\t\t\t\t<\/div>\n\t\t<\/div>\n\t\t\t\t\t<\/div>\n\t\t<\/section>\n\t\t\t\t<section class=\"elementor-section elementor-top-section elementor-element elementor-element-af40575 elementor-section-boxed elementor-section-height-default elementor-section-height-default\" data-id=\"af40575\" data-element_type=\"section\" data-e-type=\"section\">\n\t\t\t\t\t\t<div class=\"elementor-container elementor-column-gap-default\">\n\t\t\t\t\t<div class=\"elementor-column elementor-col-100 elementor-top-column elementor-element elementor-element-731ad40\" data-id=\"731ad40\" data-element_type=\"column\" data-e-type=\"column\">\n\t\t\t<div class=\"elementor-widget-wrap elementor-element-populated\">\n\t\t\t\t\t\t<div class=\"elementor-element elementor-element-2dad47e elementor-widget elementor-widget-text-editor\" data-id=\"2dad47e\" data-element_type=\"widget\" data-e-type=\"widget\" data-widget_type=\"text-editor.default\">\n\t\t\t\t<div class=\"elementor-widget-container\">\n\t\t\t\t\t\t\t\t\t<h3>Wie funktioniert Vitametik &#8211; kurzes Video<\/h3>\t\t\t\t\t\t\t\t<\/div>\n\t\t\t\t<\/div>\n\t\t\t\t\t<\/div>\n\t\t<\/div>\n\t\t\t\t\t<\/div>\n\t\t<\/section>\n\t\t\t\t<section class=\"elementor-section elementor-top-section elementor-element elementor-element-edfa6f6 elementor-section-boxed elementor-section-height-default elementor-section-height-default\" data-id=\"edfa6f6\" data-element_type=\"section\" data-e-type=\"section\">\n\t\t\t\t\t\t<div class=\"elementor-container elementor-column-gap-default\">\n\t\t\t\t\t<div class=\"elementor-column elementor-col-100 elementor-top-column elementor-element elementor-element-62a0994\" data-id=\"62a0994\" data-element_type=\"column\" data-e-type=\"column\">\n\t\t\t<div class=\"elementor-widget-wrap elementor-element-populated\">\n\t\t\t\t\t\t<div class=\"elementor-element elementor-element-03dd851 elementor-widget elementor-widget-video\" data-id=\"03dd851\" data-element_type=\"widget\" data-e-type=\"widget\" data-settings=\"{&quot;youtube_url&quot;:&quot;https:\\\/\\\/youtu.be\\\/LfsO0UDhIus&quot;,&quot;video_type&quot;:&quot;youtube&quot;,&quot;controls&quot;:&quot;yes&quot;}\" data-widget_type=\"video.default\">\n\t\t\t\t<div class=\"elementor-widget-container\">\n\t\t\t\t\t\t\t<div class=\"elementor-wrapper elementor-open-inline\">\n\t\t\t<div class=\"elementor-video\"><\/div>\t\t<\/div>\n\t\t\t\t\t\t<\/div>\n\t\t\t\t<\/div>\n\t\t\t\t\t<\/div>\n\t\t<\/div>\n\t\t\t\t\t<\/div>\n\t\t<\/section>\n\t\t\t\t<section class=\"elementor-section elementor-top-section elementor-element elementor-element-9cb1a0b elementor-section-boxed elementor-section-height-default elementor-section-height-default\" data-id=\"9cb1a0b\" data-element_type=\"section\" data-e-type=\"section\">\n\t\t\t\t\t\t<div class=\"elementor-container elementor-column-gap-default\">\n\t\t\t\t\t<div class=\"elementor-column elementor-col-100 elementor-top-column elementor-element elementor-element-fc380a5\" data-id=\"fc380a5\" data-element_type=\"column\" data-e-type=\"column\">\n\t\t\t<div class=\"elementor-widget-wrap elementor-element-populated\">\n\t\t\t\t\t\t<div class=\"elementor-element elementor-element-b0ddd9a elementor-widget elementor-widget-text-editor\" data-id=\"b0ddd9a\" data-element_type=\"widget\" data-e-type=\"widget\" data-widget_type=\"text-editor.default\">\n\t\t\t\t<div class=\"elementor-widget-container\">\n\t\t\t\t\t\t\t\t\t<h3>R\u00fcckenschmerzen &#8211; keine Krankheit, sondern Signal.<\/h3><p>R\u00fcckenschmerzen werden sehr oft als die Volkskrankheit Nummer eins bezeichnet, obwohl Schmerz keine Krankheit an sich darstellt, sondern lediglich ein Symptom, ein Signal des K\u00f6rpers, dass etwas in Unordnung oder au\u00dfer Kontrolle geraten ist.[1]<\/p><p>\u00a0<\/p>\t\t\t\t\t\t\t\t<\/div>\n\t\t\t\t<\/div>\n\t\t\t\t\t<\/div>\n\t\t<\/div>\n\t\t\t\t\t<\/div>\n\t\t<\/section>\n\t\t\t\t<section class=\"elementor-section elementor-top-section elementor-element elementor-element-fe5c196 elementor-section-boxed elementor-section-height-default elementor-section-height-default\" data-id=\"fe5c196\" data-element_type=\"section\" data-e-type=\"section\">\n\t\t\t\t\t\t<div class=\"elementor-container elementor-column-gap-default\">\n\t\t\t\t\t<div class=\"elementor-column elementor-col-100 elementor-top-column elementor-element elementor-element-6d1b215\" data-id=\"6d1b215\" data-element_type=\"column\" data-e-type=\"column\">\n\t\t\t<div class=\"elementor-widget-wrap elementor-element-populated\">\n\t\t\t\t\t\t<div class=\"elementor-element elementor-element-5c4e815 elementor-widget elementor-widget-text-editor\" data-id=\"5c4e815\" data-element_type=\"widget\" data-e-type=\"widget\" data-widget_type=\"text-editor.default\">\n\t\t\t\t<div class=\"elementor-widget-container\">\n\t\t\t\t\t\t\t\t\t<h3>Die vitametische Anwendung<\/h3>\t\t\t\t\t\t\t\t<\/div>\n\t\t\t\t<\/div>\n\t\t\t\t\t<\/div>\n\t\t<\/div>\n\t\t\t\t\t<\/div>\n\t\t<\/section>\n\t\t\t\t<section class=\"elementor-section elementor-top-section elementor-element elementor-element-5d6264f elementor-section-boxed elementor-section-height-default elementor-section-height-default\" data-id=\"5d6264f\" data-element_type=\"section\" data-e-type=\"section\">\n\t\t\t\t\t\t<div class=\"elementor-container elementor-column-gap-default\">\n\t\t\t\t\t<div class=\"elementor-column elementor-col-50 elementor-top-column elementor-element elementor-element-f2cb2ec\" data-id=\"f2cb2ec\" data-element_type=\"column\" data-e-type=\"column\">\n\t\t\t<div class=\"elementor-widget-wrap elementor-element-populated\">\n\t\t\t\t\t\t<div class=\"elementor-element elementor-element-a9dbbe6 elementor-view-default elementor-widget elementor-widget-icon\" data-id=\"a9dbbe6\" data-element_type=\"widget\" data-e-type=\"widget\" data-widget_type=\"icon.default\">\n\t\t\t\t<div class=\"elementor-widget-container\">\n\t\t\t\t\t\t\t<div class=\"elementor-icon-wrapper\">\n\t\t\t<div class=\"elementor-icon\">\n\t\t\t<i aria-hidden=\"true\" class=\"fas fa-user-friends\"><\/i>\t\t\t<\/div>\n\t\t<\/div>\n\t\t\t\t\t\t<\/div>\n\t\t\t\t<\/div>\n\t\t\t\t<div class=\"elementor-element elementor-element-73652cd elementor-view-default elementor-widget elementor-widget-icon\" data-id=\"73652cd\" data-element_type=\"widget\" data-e-type=\"widget\" data-widget_type=\"icon.default\">\n\t\t\t\t<div class=\"elementor-widget-container\">\n\t\t\t\t\t\t\t<div class=\"elementor-icon-wrapper\">\n\t\t\t<div class=\"elementor-icon\">\n\t\t\t<i aria-hidden=\"true\" class=\"fas fa-stethoscope\"><\/i>\t\t\t<\/div>\n\t\t<\/div>\n\t\t\t\t\t\t<\/div>\n\t\t\t\t<\/div>\n\t\t\t\t<div class=\"elementor-element elementor-element-bf33c75 elementor-view-default elementor-widget elementor-widget-icon\" data-id=\"bf33c75\" data-element_type=\"widget\" data-e-type=\"widget\" data-widget_type=\"icon.default\">\n\t\t\t\t<div class=\"elementor-widget-container\">\n\t\t\t\t\t\t\t<div class=\"elementor-icon-wrapper\">\n\t\t\t<div class=\"elementor-icon\">\n\t\t\t<i aria-hidden=\"true\" class=\"fas fa-walking\"><\/i>\t\t\t<\/div>\n\t\t<\/div>\n\t\t\t\t\t\t<\/div>\n\t\t\t\t<\/div>\n\t\t\t\t<div class=\"elementor-element elementor-element-6ed3bb6 elementor-view-default elementor-widget elementor-widget-icon\" data-id=\"6ed3bb6\" data-element_type=\"widget\" data-e-type=\"widget\" data-widget_type=\"icon.default\">\n\t\t\t\t<div class=\"elementor-widget-container\">\n\t\t\t\t\t\t\t<div class=\"elementor-icon-wrapper\">\n\t\t\t<div class=\"elementor-icon\">\n\t\t\t<i aria-hidden=\"true\" class=\"fas fa-bahai\"><\/i>\t\t\t<\/div>\n\t\t<\/div>\n\t\t\t\t\t\t<\/div>\n\t\t\t\t<\/div>\n\t\t\t\t<div class=\"elementor-element elementor-element-a0884ae elementor-view-default elementor-widget elementor-widget-icon\" data-id=\"a0884ae\" data-element_type=\"widget\" data-e-type=\"widget\" data-widget_type=\"icon.default\">\n\t\t\t\t<div class=\"elementor-widget-container\">\n\t\t\t\t\t\t\t<div class=\"elementor-icon-wrapper\">\n\t\t\t<div class=\"elementor-icon\">\n\t\t\t<i aria-hidden=\"true\" class=\"fas fa-walking\"><\/i>\t\t\t<\/div>\n\t\t<\/div>\n\t\t\t\t\t\t<\/div>\n\t\t\t\t<\/div>\n\t\t\t\t<div class=\"elementor-element elementor-element-217dbf6 elementor-view-default elementor-widget elementor-widget-icon\" data-id=\"217dbf6\" data-element_type=\"widget\" data-e-type=\"widget\" data-widget_type=\"icon.default\">\n\t\t\t\t<div class=\"elementor-widget-container\">\n\t\t\t\t\t\t\t<div class=\"elementor-icon-wrapper\">\n\t\t\t<div class=\"elementor-icon\">\n\t\t\t<i aria-hidden=\"true\" class=\"far fa-hourglass\"><\/i>\t\t\t<\/div>\n\t\t<\/div>\n\t\t\t\t\t\t<\/div>\n\t\t\t\t<\/div>\n\t\t\t\t\t<\/div>\n\t\t<\/div>\n\t\t\t\t<div class=\"elementor-column elementor-col-50 elementor-top-column elementor-element elementor-element-19a0a76\" data-id=\"19a0a76\" data-element_type=\"column\" data-e-type=\"column\">\n\t\t\t<div class=\"elementor-widget-wrap elementor-element-populated\">\n\t\t\t\t\t\t<div class=\"elementor-element elementor-element-ea4ae8e elementor-widget elementor-widget-text-editor\" data-id=\"ea4ae8e\" data-element_type=\"widget\" data-e-type=\"widget\" data-widget_type=\"text-editor.default\">\n\t\t\t\t<div class=\"elementor-widget-container\">\n\t\t\t\t\t\t\t\t\t<h4>Das Vorgespr\u00e4ch<\/h4>\n<p>In einem ausf\u00fchrlichen Vorgespr\u00e4ch erl\u00e4utere ich Ihnen den Ablauf der vitametischen Anwendung und verschaffe mir einen \u00fcberblick \u00fcber Ihre individuelle Beschwerdesituation.<\/p>\n<p><\/p>\n<h4>Die Palpation<\/h4>\n<p>Durch Ertasten ersp\u00fcre ich die Verspannung der seitlichen Halsmuskulatur. Auf der Seite mit der st\u00e4rksten Verspannung setze ich den vitametischen Impuls.<\/p>\n<h4>Der erste Beintest<\/h4>\n<p>Mit Hilfe des Beintestes wird der Beckenschiefstand vor dem Impuls als Indikator f\u00fcr die St\u00e4rke der Verspannungen sichtbar.<\/p>\n<h4>Der Impuls<\/h4>\n<p>Nachdem Sie auf der speziellen Behandlungsliege eine liegende Position eingenommen haben l\u00f6se ich mit dem Daumen an einer bestimmten Stelle der Halsmuskulatur einen gezielten, schmerzfreien und \u00e4u\u00dferst pr\u00e4zisen nerval-reflektorischen Impuls aus. An dieser Stelle verlaufen zwei wichtige Hirnnerven, die diesen Impuls an das Gehirn weiterleiten.<\/p>\n<h4>Der erneute Beintest<\/h4>\n<p>Ein Beintest nach dem Impuls und einer kurzen Ruhephase zeigt den sofortigen Effekt: die Beinl\u00e4ngendifferenz hat abgenommen.<br><\/p>\n<h4>Die Ruhephase<\/h4><p>Im Anschluss folgt eine zwanzigmin\u00fctige Vertiefungsphase im Ruheraum. Bitte vermeiden Sie&nbsp; k\u00f6rperliche Anstrengungen und sportliche Aktivit\u00e4ten im Anschluss an die vitametische Anwendung. Lassen Sie Ihren K\u00f6rper zur Ruhe kommen.<br><\/p>\n<p><\/p>\t\t\t\t\t\t\t\t<\/div>\n\t\t\t\t<\/div>\n\t\t\t\t\t<\/div>\n\t\t<\/div>\n\t\t\t\t\t<\/div>\n\t\t<\/section>\n\t\t\t\t<section class=\"elementor-section elementor-top-section elementor-element elementor-element-318ff57 elementor-section-boxed elementor-section-height-default elementor-section-height-default\" data-id=\"318ff57\" data-element_type=\"section\" data-e-type=\"section\">\n\t\t\t\t\t\t<div class=\"elementor-container elementor-column-gap-default\">\n\t\t\t\t\t<div class=\"elementor-column elementor-col-100 elementor-top-column elementor-element elementor-element-af6112b\" data-id=\"af6112b\" data-element_type=\"column\" data-e-type=\"column\">\n\t\t\t<div class=\"elementor-widget-wrap elementor-element-populated\">\n\t\t\t\t\t\t<div class=\"elementor-element elementor-element-bc698be elementor-widget elementor-widget-text-editor\" data-id=\"bc698be\" data-element_type=\"widget\" data-e-type=\"widget\" data-widget_type=\"text-editor.default\">\n\t\t\t\t<div class=\"elementor-widget-container\">\n\t\t\t\t\t\t\t\t\t<p>Hinweis: Die Vitametik ersetzt nicht die Behandlung durch einen Arzt oder Heilpraktiker, ist jedoch eine wertvolle Erg\u00e4nzung zu laufenden Behandlungen. Laufende \u00e4rztliche Behandlungen und Anordnungen sollen weitergef\u00fchrt, bzw. k\u00fcnftige nicht hinaus geschoben oder unterlassen werden.<\/p>\t\t\t\t\t\t\t\t<\/div>\n\t\t\t\t<\/div>\n\t\t\t\t\t<\/div>\n\t\t<\/div>\n\t\t\t\t\t<\/div>\n\t\t<\/section>\n\t\t\t\t<section class=\"elementor-section elementor-top-section elementor-element elementor-element-a8bc237 elementor-section-boxed elementor-section-height-default elementor-section-height-default\" data-id=\"a8bc237\" data-element_type=\"section\" data-e-type=\"section\">\n\t\t\t\t\t\t<div class=\"elementor-container elementor-column-gap-default\">\n\t\t\t\t\t<div class=\"elementor-column elementor-col-100 elementor-top-column elementor-element elementor-element-1072a71\" data-id=\"1072a71\" data-element_type=\"column\" data-e-type=\"column\">\n\t\t\t<div class=\"elementor-widget-wrap elementor-element-populated\">\n\t\t\t\t\t\t<div class=\"elementor-element elementor-element-a47e3dd elementor-widget elementor-widget-text-editor\" data-id=\"a47e3dd\" data-element_type=\"widget\" data-e-type=\"widget\" data-widget_type=\"text-editor.default\">\n\t\t\t\t<div class=\"elementor-widget-container\">\n\t\t\t\t\t\t\t\t\t<h3>Weitere Informationen vom Verband der Vitametiker<\/h3>\n\t\t\t\t\t\t\t\t<\/div>\n\t\t\t\t<\/div>\n\t\t\t\t\t<\/div>\n\t\t<\/div>\n\t\t\t\t\t<\/div>\n\t\t<\/section>\n\t\t\t\t<section class=\"elementor-section elementor-top-section elementor-element elementor-element-640d19b elementor-section-boxed elementor-section-height-default elementor-section-height-default\" data-id=\"640d19b\" data-element_type=\"section\" data-e-type=\"section\">\n\t\t\t\t\t\t<div class=\"elementor-container elementor-column-gap-default\">\n\t\t\t\t\t<div class=\"elementor-column elementor-col-50 elementor-top-column elementor-element elementor-element-3408136\" data-id=\"3408136\" data-element_type=\"column\" data-e-type=\"column\">\n\t\t\t<div class=\"elementor-widget-wrap elementor-element-populated\">\n\t\t\t\t\t\t<div class=\"elementor-element elementor-element-1835acb elementor-widget elementor-widget-video\" data-id=\"1835acb\" data-element_type=\"widget\" data-e-type=\"widget\" data-settings=\"{&quot;youtube_url&quot;:&quot;https:\\\/\\\/www.youtube.com\\\/watch?v=H__oML7rHqI&quot;,&quot;video_type&quot;:&quot;youtube&quot;,&quot;controls&quot;:&quot;yes&quot;}\" data-widget_type=\"video.default\">\n\t\t\t\t<div class=\"elementor-widget-container\">\n\t\t\t\t\t\t\t<div class=\"elementor-wrapper elementor-open-inline\">\n\t\t\t<div class=\"elementor-video\"><\/div>\t\t<\/div>\n\t\t\t\t\t\t<\/div>\n\t\t\t\t<\/div>\n\t\t\t\t\t<\/div>\n\t\t<\/div>\n\t\t\t\t<div class=\"elementor-column elementor-col-50 elementor-top-column elementor-element elementor-element-c744996\" data-id=\"c744996\" data-element_type=\"column\" data-e-type=\"column\">\n\t\t\t<div class=\"elementor-widget-wrap elementor-element-populated\">\n\t\t\t\t\t\t<div class=\"elementor-element elementor-element-44c8d2e elementor-widget elementor-widget-video\" data-id=\"44c8d2e\" data-element_type=\"widget\" data-e-type=\"widget\" data-settings=\"{&quot;youtube_url&quot;:&quot;https:\\\/\\\/www.youtube.com\\\/watch?v=8GtzN2vMKLE&quot;,&quot;video_type&quot;:&quot;youtube&quot;,&quot;controls&quot;:&quot;yes&quot;}\" data-widget_type=\"video.default\">\n\t\t\t\t<div class=\"elementor-widget-container\">\n\t\t\t\t\t\t\t<div class=\"elementor-wrapper elementor-open-inline\">\n\t\t\t<div class=\"elementor-video\"><\/div>\t\t<\/div>\n\t\t\t\t\t\t<\/div>\n\t\t\t\t<\/div>\n\t\t\t\t\t<\/div>\n\t\t<\/div>\n\t\t\t\t\t<\/div>\n\t\t<\/section>\n\t\t\t\t<section class=\"elementor-section elementor-top-section elementor-element elementor-element-1c236a6 elementor-section-boxed elementor-section-height-default elementor-section-height-default\" data-id=\"1c236a6\" data-element_type=\"section\" data-e-type=\"section\">\n\t\t\t\t\t\t<div class=\"elementor-container elementor-column-gap-default\">\n\t\t\t\t\t<div class=\"elementor-column elementor-col-100 elementor-top-column elementor-element elementor-element-24a9226\" data-id=\"24a9226\" data-element_type=\"column\" data-e-type=\"column\">\n\t\t\t<div class=\"elementor-widget-wrap\">\n\t\t\t\t\t\t\t<\/div>\n\t\t<\/div>\n\t\t\t\t\t<\/div>\n\t\t<\/section>\n\t\t\t\t<\/div>\n\t\t","protected":false},"excerpt":{"rendered":"<p>Im Rhytmus des Lebens Die vielbeschriebenen Selbstheilungskr\u00e4fte unseres K\u00f6rpers sind st\u00e4ndig aktiv. Ihr Ziel: die K\u00f6rperfunktionen in einem gesunden Gleichgewicht zu halten. Die Vitametik ist eine manuelle Anwendung die unseren K\u00f6rper dabei unterst\u00fctzt, die Selbstheilungskr\u00e4fte zu aktivieren.\u00a0 In Kombination mit Massagen und einer individuellen Aromatherapie stellen wir ein Gleichgewicht im K\u00f6rper wieder her. Innere Ruhe [&hellip;]<\/p>\n","protected":false},"author":1,"featured_media":0,"parent":0,"menu_order":1,"comment_status":"closed","ping_status":"open","template":"","meta":{"footnotes":""},"class_list":["post-30","page","type-page","status-publish","hentry"],"yoast_head":"<!-- This site is optimized with the Yoast SEO plugin v25.7 - https:\/\/yoast.com\/wordpress\/plugins\/seo\/ -->\n<title>Vitametik - Yoga Vita Angelika<\/title>\n<meta name=\"robots\" content=\"index, follow, max-snippet:-1, max-image-preview:large, max-video-preview:-1\" \/>\n<link rel=\"canonical\" href=\"http:\/\/vitametik-haeberer.de\/wordpress\/vitametik\/\" \/>\n<meta property=\"og:locale\" content=\"de_DE\" \/>\n<meta property=\"og:type\" content=\"article\" \/>\n<meta property=\"og:title\" content=\"Vitametik - Yoga Vita Angelika\" \/>\n<meta property=\"og:description\" content=\"Im Rhytmus des Lebens Die vielbeschriebenen Selbstheilungskr\u00e4fte unseres K\u00f6rpers sind st\u00e4ndig aktiv. Ihr Ziel: die K\u00f6rperfunktionen in einem gesunden Gleichgewicht zu halten. Die Vitametik ist eine manuelle Anwendung die unseren K\u00f6rper dabei unterst\u00fctzt, die Selbstheilungskr\u00e4fte zu aktivieren.\u00a0 In Kombination mit Massagen und einer individuellen Aromatherapie stellen wir ein Gleichgewicht im K\u00f6rper wieder her. Innere Ruhe [&hellip;]\" \/>\n<meta property=\"og:url\" content=\"http:\/\/vitametik-haeberer.de\/wordpress\/vitametik\/\" \/>\n<meta property=\"og:site_name\" content=\"Yoga Vita Angelika\" \/>\n<meta property=\"article:modified_time\" content=\"2024-06-13T19:39:10+00:00\" \/>\n<meta name=\"twitter:card\" content=\"summary_large_image\" \/>\n<meta name=\"twitter:label1\" content=\"Gesch\u00e4tzte Lesezeit\" \/>\n\t<meta name=\"twitter:data1\" content=\"2\u00a0Minuten\" \/>\n<script type=\"application\/ld+json\" class=\"yoast-schema-graph\">{\"@context\":\"https:\/\/schema.org\",\"@graph\":[{\"@type\":\"WebPage\",\"@id\":\"http:\/\/vitametik-haeberer.de\/wordpress\/vitametik\/\",\"url\":\"http:\/\/vitametik-haeberer.de\/wordpress\/vitametik\/\",\"name\":\"Vitametik - Yoga Vita Angelika\",\"isPartOf\":{\"@id\":\"http:\/\/vitametik-haeberer.de\/wordpress\/#website\"},\"datePublished\":\"2021-01-16T16:58:13+00:00\",\"dateModified\":\"2024-06-13T19:39:10+00:00\",\"breadcrumb\":{\"@id\":\"http:\/\/vitametik-haeberer.de\/wordpress\/vitametik\/#breadcrumb\"},\"inLanguage\":\"de\",\"potentialAction\":[{\"@type\":\"ReadAction\",\"target\":[\"http:\/\/vitametik-haeberer.de\/wordpress\/vitametik\/\"]}]},{\"@type\":\"BreadcrumbList\",\"@id\":\"http:\/\/vitametik-haeberer.de\/wordpress\/vitametik\/#breadcrumb\",\"itemListElement\":[{\"@type\":\"ListItem\",\"position\":1,\"name\":\"Home\",\"item\":\"https:\/\/vitametik-haeberer.de\/wordpress\/\"},{\"@type\":\"ListItem\",\"position\":2,\"name\":\"Vitametik\"}]},{\"@type\":\"WebSite\",\"@id\":\"http:\/\/vitametik-haeberer.de\/wordpress\/#website\",\"url\":\"http:\/\/vitametik-haeberer.de\/wordpress\/\",\"name\":\"Yoga Vita Angelika\",\"description\":\"Praxis Wellness, Vitametik &amp; Yoga Angelika H\u00e4berer\",\"publisher\":{\"@id\":\"http:\/\/vitametik-haeberer.de\/wordpress\/#organization\"},\"potentialAction\":[{\"@type\":\"SearchAction\",\"target\":{\"@type\":\"EntryPoint\",\"urlTemplate\":\"http:\/\/vitametik-haeberer.de\/wordpress\/?s={search_term_string}\"},\"query-input\":{\"@type\":\"PropertyValueSpecification\",\"valueRequired\":true,\"valueName\":\"search_term_string\"}}],\"inLanguage\":\"de\"},{\"@type\":\"Organization\",\"@id\":\"http:\/\/vitametik-haeberer.de\/wordpress\/#organization\",\"name\":\"Yoga Vita Angelika\",\"url\":\"http:\/\/vitametik-haeberer.de\/wordpress\/\",\"logo\":{\"@type\":\"ImageObject\",\"inLanguage\":\"de\",\"@id\":\"http:\/\/vitametik-haeberer.de\/wordpress\/#\/schema\/logo\/image\/\",\"url\":\"https:\/\/vitametik-haeberer.de\/wordpress\/wp-content\/uploads\/2022\/06\/cropped-Logo-Vitametik_transp04.png\",\"contentUrl\":\"https:\/\/vitametik-haeberer.de\/wordpress\/wp-content\/uploads\/2022\/06\/cropped-Logo-Vitametik_transp04.png\",\"width\":867,\"height\":394,\"caption\":\"Yoga Vita Angelika\"},\"image\":{\"@id\":\"http:\/\/vitametik-haeberer.de\/wordpress\/#\/schema\/logo\/image\/\"}}]}<\/script>\n<!-- \/ Yoast SEO plugin. -->","yoast_head_json":{"title":"Vitametik - Yoga Vita Angelika","robots":{"index":"index","follow":"follow","max-snippet":"max-snippet:-1","max-image-preview":"max-image-preview:large","max-video-preview":"max-video-preview:-1"},"canonical":"http:\/\/vitametik-haeberer.de\/wordpress\/vitametik\/","og_locale":"de_DE","og_type":"article","og_title":"Vitametik - Yoga Vita Angelika","og_description":"Im Rhytmus des Lebens Die vielbeschriebenen Selbstheilungskr\u00e4fte unseres K\u00f6rpers sind st\u00e4ndig aktiv. Ihr Ziel: die K\u00f6rperfunktionen in einem gesunden Gleichgewicht zu halten. Die Vitametik ist eine manuelle Anwendung die unseren K\u00f6rper dabei unterst\u00fctzt, die Selbstheilungskr\u00e4fte zu aktivieren.\u00a0 In Kombination mit Massagen und einer individuellen Aromatherapie stellen wir ein Gleichgewicht im K\u00f6rper wieder her. Innere Ruhe [&hellip;]","og_url":"http:\/\/vitametik-haeberer.de\/wordpress\/vitametik\/","og_site_name":"Yoga Vita Angelika","article_modified_time":"2024-06-13T19:39:10+00:00","twitter_card":"summary_large_image","twitter_misc":{"Gesch\u00e4tzte Lesezeit":"2\u00a0Minuten"},"schema":{"@context":"https:\/\/schema.org","@graph":[{"@type":"WebPage","@id":"http:\/\/vitametik-haeberer.de\/wordpress\/vitametik\/","url":"http:\/\/vitametik-haeberer.de\/wordpress\/vitametik\/","name":"Vitametik - Yoga Vita Angelika","isPartOf":{"@id":"http:\/\/vitametik-haeberer.de\/wordpress\/#website"},"datePublished":"2021-01-16T16:58:13+00:00","dateModified":"2024-06-13T19:39:10+00:00","breadcrumb":{"@id":"http:\/\/vitametik-haeberer.de\/wordpress\/vitametik\/#breadcrumb"},"inLanguage":"de","potentialAction":[{"@type":"ReadAction","target":["http:\/\/vitametik-haeberer.de\/wordpress\/vitametik\/"]}]},{"@type":"BreadcrumbList","@id":"http:\/\/vitametik-haeberer.de\/wordpress\/vitametik\/#breadcrumb","itemListElement":[{"@type":"ListItem","position":1,"name":"Home","item":"https:\/\/vitametik-haeberer.de\/wordpress\/"},{"@type":"ListItem","position":2,"name":"Vitametik"}]},{"@type":"WebSite","@id":"http:\/\/vitametik-haeberer.de\/wordpress\/#website","url":"http:\/\/vitametik-haeberer.de\/wordpress\/","name":"Yoga Vita Angelika","description":"Praxis Wellness, Vitametik &amp; Yoga Angelika H\u00e4berer","publisher":{"@id":"http:\/\/vitametik-haeberer.de\/wordpress\/#organization"},"potentialAction":[{"@type":"SearchAction","target":{"@type":"EntryPoint","urlTemplate":"http:\/\/vitametik-haeberer.de\/wordpress\/?s={search_term_string}"},"query-input":{"@type":"PropertyValueSpecification","valueRequired":true,"valueName":"search_term_string"}}],"inLanguage":"de"},{"@type":"Organization","@id":"http:\/\/vitametik-haeberer.de\/wordpress\/#organization","name":"Yoga Vita Angelika","url":"http:\/\/vitametik-haeberer.de\/wordpress\/","logo":{"@type":"ImageObject","inLanguage":"de","@id":"http:\/\/vitametik-haeberer.de\/wordpress\/#\/schema\/logo\/image\/","url":"https:\/\/vitametik-haeberer.de\/wordpress\/wp-content\/uploads\/2022\/06\/cropped-Logo-Vitametik_transp04.png","contentUrl":"https:\/\/vitametik-haeberer.de\/wordpress\/wp-content\/uploads\/2022\/06\/cropped-Logo-Vitametik_transp04.png","width":867,"height":394,"caption":"Yoga Vita Angelika"},"image":{"@id":"http:\/\/vitametik-haeberer.de\/wordpress\/#\/schema\/logo\/image\/"}}]}},"_links":{"self":[{"href":"https:\/\/vitametik-haeberer.de\/wordpress\/wp-json\/wp\/v2\/pages\/30","targetHints":{"allow":["GET"]}}],"collection":[{"href":"https:\/\/vitametik-haeberer.de\/wordpress\/wp-json\/wp\/v2\/pages"}],"about":[{"href":"https:\/\/vitametik-haeberer.de\/wordpress\/wp-json\/wp\/v2\/types\/page"}],"author":[{"embeddable":true,"href":"https:\/\/vitametik-haeberer.de\/wordpress\/wp-json\/wp\/v2\/users\/1"}],"replies":[{"embeddable":true,"href":"https:\/\/vitametik-haeberer.de\/wordpress\/wp-json\/wp\/v2\/comments?post=30"}],"version-history":[{"count":12,"href":"https:\/\/vitametik-haeberer.de\/wordpress\/wp-json\/wp\/v2\/pages\/30\/revisions"}],"predecessor-version":[{"id":10987,"href":"https:\/\/vitametik-haeberer.de\/wordpress\/wp-json\/wp\/v2\/pages\/30\/revisions\/10987"}],"wp:attachment":[{"href":"https:\/\/vitametik-haeberer.de\/wordpress\/wp-json\/wp\/v2\/media?parent=30"}],"curies":[{"name":"wp","href":"https:\/\/api.w.org\/{rel}","templated":true}]}}